{"id":3126,"date":"2025-11-16T01:28:40","date_gmt":"2025-11-16T01:28:40","guid":{"rendered":"https:\/\/rtrplat.com\/?post_type=product&#038;p=3126"},"modified":"2025-11-16T01:28:45","modified_gmt":"2025-11-16T01:28:45","slug":"trs-methi-seeds-100g","status":"publish","type":"product","link":"https:\/\/rtrplat.com\/pl\/produkt\/trs-methi-seeds-100g","title":{"rendered":"TRS Methi Seeds -100g"},"content":{"rendered":"<p>When ground, TRS Fenugreek Seeds form an important ingredient in the finest Madras Curry Powder. Lightly roasted the whole Fenugreek Seed gives a pungent bitter-sweet taste and is mainly used for the tempering of Dhals and enhancing the flavor of Vegetable dishes.<\/p>\n<p>Whole Fenugreek\/Methi is also an important ingredient in Indian Pickles.<\/p>\n<p>Storage: To retain freshness and flavor store in an airtight container, in a cool dry place.<\/p>\n<p><span id=\"result_box\" lang=\"en\"><span title=\"\u2022\tZapobiega krzywicy, niedokrwisto\u015bci i apatii u dzieci.\">\u2022 It prevents rickets, anemia, and apathy in children.<br \/>\n<\/span><span title=\"\u2022\tDzia\u0142a mlekop\u0119dnie.\">\u2022 Works mlekop\u0119dnie.<br \/>\n<\/span><span title=\"\u2022\t\u015aluzy powlekaj\u0105 i os\u0142aniaj\u0105 b\u0142ony \u015bluzowe jamy ustnej, gard\u0142a i przewodu pokarmowego.\">\u2022 Lock screen and coat the mucous membranes of the mouth, throat, and gastrointestinal tract.\u00a0<\/span><span title=\"Dzia\u0142aj\u0105 przeciwzapalnie i przeciwkaszlowo.\">Anti-inflammatory and antitussive.<br \/>\n<\/span><span title=\"\u2022\t\u015aluzy i pektyny kozieradkowe reguluj\u0105 wypr\u00f3\u017cnienia i wzmagaj\u0105 procesy odnowy nab\u0142onka jelit.\">\u2022 Lock and pectin kozieradkowe regulate bowel movements and enhance the processes of renewal of the intestinal epithelium.<br \/>\n<\/span><span title=\"\u2022\tDzia\u0142a przeciwmia\u017cd\u017cycowo.\">\u2022 Works antiatherogenic.<br \/>\n<\/span><span title=\"\u2022\tZapobiega marsko\u015bci w\u0105troby, przy\u015bpiesza procesy eliminacji toksyn z organizmu.\">\u2022 prevents cirrhosis of the liver, accelerates processes, eliminates toxins from the body.<br \/>\n<\/span><span title=\"\u2022\tZapobiega tak\u017ce zastojom \u017c\u00f3\u0142ci i rozwojowi kamicy \u017c\u00f3\u0142ciowej.\">\u2022 It also prevents the stagnation of bile and the development of gallstones.<br \/>\n<\/span><span title=\"\u2022\tChroni w\u0105trob\u0119 przed wp\u0142ywem niekt\u00f3rych ksenobiotyk\u00f3w (lek\u00f3w, w\u0119glowodor\u00f3w).\">\u2022 Protects the liver from the effects of some xenobiotics (drugs, hydrocarbons).<br \/>\n<\/span><span title=\"\u2022\tPreparaty kozieradkowe maj\u0105 dzia\u0142anie przeciwdepresyjne.\">\u2022 kozieradkowe formulations have antidepressant effect.<br \/>\n<\/span><span title=\"\u2022\tZastosowana zewn\u0119trznie dzia\u0142a regeneruj\u0105co na sk\u00f3r\u0119 i \u015bluz\u00f3wki (irygacje i nasiad\u00f3wki ginekologiczne, lewatywy doodbytnicze, p\u0142ukanki, ok\u0142ady, przemywanie schorza\u0142ych miejsc).\">\u2022 Applied externally regenerating effect on the skin and mucous membranes (irrigation and sitz baths, gynecological, rectal enema, lotion, body wraps, washing diseased sites).<br \/>\n<\/span><span title=\"\u2022\tPomaga w leczeniu owrzodze\u0144 \u017cylakowatych, ran, \u015bwi\u0105du odbytu, odle\u017cyn.\">\u2022 It helps in the treatment of varicose ulcers, wounds, itching anus, bedsores.\u00a0<\/span><span title=\"Zmielone nasienie kozieradki wymieszane z tranem lub ma\u015bci\u0105 tranow\u0105 na papk\u0119 jest znakomitym \u015brodkiem goj\u0105cym rany, oparzenia, odmro\u017cenia i ropnie.\">Ground fenugreek seeds mixed with fish or ointment tranow\u0105 for pulp is an excellent means of healing wounds, burns, frostbite, and abscesses.<br \/>\n<\/span><span title=\"Wa\u017cne: kozieradki nie powinny stosowa\u0107 kobiety w ci\u0105\u017cy oraz karmi\u0105ce piersi\u0105.\">Important: Fenugreek should not be used by women during pregnancy and breastfeeding.<br \/>\n<\/span><span title=\"Warto\u015b\u0107 energetyczna - 323 kcal\">Energy value &#8211; 323 kcal<br \/>\n<\/span><span title=\"Bia\u0142ko og\u00f3\u0142em - 23 g\">Total protein &#8211; 23 g<br \/>\n<\/span><span title=\"T\u0142uszcz - 6.41 g\">Fat &#8211; 6.41 g<br \/>\n<\/span><span title=\"W\u0119glowodany - 58.35 g\">Carbohydrates &#8211; 58.35 g<br \/>\n<\/span><span title=\"B\u0142onnik - 24.6 g\">Fiber &#8211; 24.6 g<br \/>\n<\/span><span title=\"Witaminy\">vitamins<br \/>\n<\/span><span title=\"Witamina C \u2013 3 mg\">Vitamin C &#8211; 3 mg<br \/>\n<\/span><span title=\"Tiamina \u2013 0.322 mg\">Thiamine &#8211; 0322 mg<br \/>\n<\/span><span title=\"Ryboflawina \u2013 0.366 mg\">Riboflavin &#8211; 0.366 mg<br \/>\n<\/span><span title=\"Niacyna - 1.640 mg\">Niacin &#8211; 1,640 mg<br \/>\n<\/span><span title=\"Witamina B6 - 0.600 mg\">Vitamin B6 &#8211; 0.600 mg<br \/>\n<\/span><span title=\"Kwas foliowy - 57 \u00b5g\">Folic acid &#8211; 57 mg<br \/>\n<\/span><span title=\"Witamina A \u2013 60 IU\">Vitamin A &#8211; 60 IU<\/p>\n<p><\/span><span title=\"Minera\u0142y\">minerals<br \/>\n<\/span><span title=\"Wap\u0144 \u2013 176 mg\">Calcium &#8211; 176 mg<br \/>\n<\/span><span title=\"\u017belazo - 33.53 mg\">Iron &#8211; 33.53 mg<br \/>\n<\/span><span title=\"Magnez - 191 mg\">Magnesium &#8211; 191 mg<br \/>\n<\/span><span title=\"Fosfor - 296 mg\">Phosphorus &#8211; 296 mg<br \/>\n<\/span><span title=\"Potas - 770 mg\">Potassium &#8211; 770 mg<br \/>\n<\/span><span title=\"S\u00f3d \u2013 67 mg\">Sodium &#8211; 67 mg<br \/>\n<\/span><span title=\"Cynk - 2.50 mg\">Zinc &#8211; 2.50 mg<\/span><\/span><\/p>","protected":false},"excerpt":{"rendered":"<p>When ground, TRS Fenugreek Seeds form an important ingredient in the finest Madras Curry Powder. Lightly roasted the whole Fenugreek Seed gives a pungent bitter-sweet taste and is mainly used for the tempering of Dhals and enhancing the flavor of Vegetable dishes. Whole Fenugreek\/Methi is also an important ingredient in Indian Pickles. Storage: To retain [&#8230;]","protected":false},"featured_media":3150,"comment_status":"open","ping_status":"closed","template":"","meta":[],"product_brand":[],"product_cat":[46,49],"product_tag":[],"class_list":{"0":"post-3126","1":"product","2":"type-product","3":"status-publish","4":"has-post-thumbnail","6":"product_cat-products","7":"product_cat-spices","9":"first","10":"instock","11":"shipping-taxable","12":"purchasable","13":"product-type-simple"},"_links":{"self":[{"href":"https:\/\/rtrplat.com\/pl\/wp-json\/wp\/v2\/product\/3126","targetHints":{"allow":["GET"]}}],"collection":[{"href":"https:\/\/rtrplat.com\/pl\/wp-json\/wp\/v2\/product"}],"about":[{"href":"https:\/\/rtrplat.com\/pl\/wp-json\/wp\/v2\/types\/product"}],"replies":[{"embeddable":true,"href":"https:\/\/rtrplat.com\/pl\/wp-json\/wp\/v2\/comments?post=3126"}],"wp:featuredmedia":[{"embeddable":true,"href":"https:\/\/rtrplat.com\/pl\/wp-json\/wp\/v2\/media\/3150"}],"wp:attachment":[{"href":"https:\/\/rtrplat.com\/pl\/wp-json\/wp\/v2\/media?parent=3126"}],"wp:term":[{"taxonomy":"product_brand","embeddable":true,"href":"https:\/\/rtrplat.com\/pl\/wp-json\/wp\/v2\/product_brand?post=3126"},{"taxonomy":"product_cat","embeddable":true,"href":"https:\/\/rtrplat.com\/pl\/wp-json\/wp\/v2\/product_cat?post=3126"},{"taxonomy":"product_tag","embeddable":true,"href":"https:\/\/rtrplat.com\/pl\/wp-json\/wp\/v2\/product_tag?post=3126"}],"curies":[{"name":"wp","href":"https:\/\/api.w.org\/{rel}","templated":true}]}}