{"id":3140,"date":"2025-11-16T01:28:41","date_gmt":"2025-11-16T01:28:41","guid":{"rendered":"https:\/\/rtrplat.com\/?post_type=product&#038;p=3140"},"modified":"2025-11-16T01:28:49","modified_gmt":"2025-11-16T01:28:49","slug":"trs-sarson-ka-saag-green-mustard-leaves-450g","status":"publish","type":"product","link":"https:\/\/rtrplat.com\/pl\/produkt\/trs-sarson-ka-saag-green-mustard-leaves-450g","title":{"rendered":"TRS Sarson Ka Saag Green Mustard Leaves -450g"},"content":{"rendered":"<p><span title=\"To bardzo popularna potrawa warzywna w p\u00f3\u0142nocnych Indiach robiona na bazie li\u015bci gorczycy i przepraw.\">This is a very popular vegetable dish in northern India made on the basis of leaf mustard and crossings.\u00a0<\/span><span title=\"Sarson w j\u0119zyku hindi znaczy gorczyca, a saag \u2013 zielony.\">Sarson in Hindi means mustard, and saag &#8211; green.<br \/>\n<\/span><span title=\"Przyrz\u0105dzenie tej potrawy samodzielnie wymaga wiele pracy.\">Making this dish alone requires a lot of work.\u00a0<\/span><span title=\"Sortowanie, mycie, szatkowanie i gotowanie li\u015bcie a nast\u0119pnie ich blendowanie.\">Sorting, washing, chopping, and cooking the leaves and then blending them.<br \/>\n<\/span><span title=\"Gotowa potrawa w postaci kremu znacznie u\u0142atwia nam wprowadzenie tego dania do jad\u0142ospisu.\">Ready dish in a cream form greatly facilitates us to bring this dish to the menu.\u00a0<\/span><span title=\"Przepisy na wykorzystanie Sarson ka saag s\u0105 bardzo \u0142atwe, tylko jego przygotowanie zajmuje du\u017co czasu.\">Recipes for Sarson ka saag use are very easy, but it takes a long time to prepare.<br \/>\n<\/span><span title=\"Smak i aromat potrawy pochodzi g\u0142\u00f3wnie z li\u015bci gorczycy.\">The taste and aroma of the dish come mainly from the leaves of mustard.\u00a0<\/span><span title=\"Oczywi\u015bcie do gotowego kremu z puszki mo\u017cemy doda\u0107 r\u00f3\u017cne sk\u0142adniki zgodnie z wieloma przepisami np. szpinak.\">Of course, the finished cream from a can, we can add different ingredients as many rules eg. Spinach.\u00a0<\/span><span title=\"Ostateczne danie tradycyjnie podaje si\u0119 z mas\u0142em i pszennym pieczywem.\">The final dish is traditionally served with butter and wheat bread.\u00a0<\/span><span title=\"Mo\u017cna te\u017c udekorowa\u0107 kawa\u0142kami cebuli lub chilli.\">You can also decorate with pieces of onion and chili.<br \/>\n<\/span><span title=\"Gorczyca ju\u017c w czasach staro\u017cytnych uwa\u017cana by\u0142a za niezwykle skuteczny afrodyzjak.\">Mustard already in ancient times was considered a highly effective aphrodisiac.\u00a0<\/span><span title=\"Tradycyjnie podawano j\u0105 nowo\u017ce\u0144com dla zwi\u0119kszenia p\u0142odno\u015bci jak i zwierz\u0119tom.\">Traditionally, the bride and groom it was administered to increase fertility and animals.\u00a0<\/span><span title=\"Nasiona gorczycy bia\u0142ej pobudzaj\u0105 wydzielanie sok\u00f3w \u017co\u0142\u0105dkowych i poprawiaj\u0105 trawienie.\">White mustard seeds stimulate the secretion of gastric juices and improve digestion.\u00a0<\/span><span title=\"Gorczyca zalecana jest osobom walcz\u0105cym z oty\u0142o\u015bci\u0105, gdy\u017c u\u0142atwia zrzucenie zb\u0119dnych kilogram\u00f3w i daje poczucie syto\u015bci.\">Mustard is recommended to people struggling with obesity because losing weight is easier and gives you a sense of satiety.\u00a0<\/span><\/p>","protected":false},"excerpt":{"rendered":"<p>This is a very popular vegetable dish in northern India made on the basis of leaf mustard and crossings.\u00a0Sarson in Hindi means mustard, and saag &#8211; green. Making this dish alone requires a lot of work.\u00a0Sorting, washing, chopping, and cooking the leaves and then blending them. Ready dish in a cream form greatly facilitates us [&#8230;]","protected":false},"featured_media":3158,"comment_status":"open","ping_status":"closed","template":"","meta":[],"product_brand":[],"product_cat":[134,46],"product_tag":[],"class_list":{"0":"post-3140","1":"product","2":"type-product","3":"status-publish","4":"has-post-thumbnail","6":"product_cat-canned-items","7":"product_cat-products","9":"first","10":"outofstock","11":"shipping-taxable","12":"purchasable","13":"product-type-simple"},"_links":{"self":[{"href":"https:\/\/rtrplat.com\/pl\/wp-json\/wp\/v2\/product\/3140","targetHints":{"allow":["GET"]}}],"collection":[{"href":"https:\/\/rtrplat.com\/pl\/wp-json\/wp\/v2\/product"}],"about":[{"href":"https:\/\/rtrplat.com\/pl\/wp-json\/wp\/v2\/types\/product"}],"replies":[{"embeddable":true,"href":"https:\/\/rtrplat.com\/pl\/wp-json\/wp\/v2\/comments?post=3140"}],"wp:featuredmedia":[{"embeddable":true,"href":"https:\/\/rtrplat.com\/pl\/wp-json\/wp\/v2\/media\/3158"}],"wp:attachment":[{"href":"https:\/\/rtrplat.com\/pl\/wp-json\/wp\/v2\/media?parent=3140"}],"wp:term":[{"taxonomy":"product_brand","embeddable":true,"href":"https:\/\/rtrplat.com\/pl\/wp-json\/wp\/v2\/product_brand?post=3140"},{"taxonomy":"product_cat","embeddable":true,"href":"https:\/\/rtrplat.com\/pl\/wp-json\/wp\/v2\/product_cat?post=3140"},{"taxonomy":"product_tag","embeddable":true,"href":"https:\/\/rtrplat.com\/pl\/wp-json\/wp\/v2\/product_tag?post=3140"}],"curies":[{"name":"wp","href":"https:\/\/api.w.org\/{rel}","templated":true}]}}