{"id":3172,"date":"2025-11-16T01:28:51","date_gmt":"2025-11-16T01:28:51","guid":{"rendered":"https:\/\/rtrplat.com\/?post_type=product&#038;p=3172"},"modified":"2025-11-16T01:28:54","modified_gmt":"2025-11-16T01:28:54","slug":"chef-patricks-chicken-dishes-battered-nuggets-1kg","status":"publish","type":"product","link":"https:\/\/rtrplat.com\/pl\/produkt\/chef-patricks-chicken-dishes-battered-nuggets-1kg","title":{"rendered":"Chef Patrick&#8217;s chicken dishes Battered Nuggets -1kg"},"content":{"rendered":"<div class=\"product-short-text\">\n<p>Lekkie, delikatne nuggetsy na dwa k\u0119sy. \u015awietnie sprawdz\u0105 si\u0119 dla najm\u0142odszych. Upiecz je w piekarniku lub wrzu\u0107 do frytkownicy, a b\u0119d\u0105 jeszcze bardziej chrupi\u0105ce. Podaj z ulubionymi dodatkami i ju\u017c.<\/p>\n<p>Ingredients:<\/p>\n<p>chicken fillet meat (53%), breading (WHEAT flour, vegetable oil (rapeseed oil), water, WHEAT starch, corn flour, salt, raising agents (E450, E500), yeast, dextrose, WHEAT GLUTEN, garlic powder, onion powder, black pepper), water, modified potato starch, WHEAT starch, salt, maltodextrin, yeast extracts, natural flavors, spices (black pepper, cardamom, fenugreek). May contain: MILK, EGGS, SOYA, CELERY, MUSTARD. \/ Country of origin: Poland \/ Store at a temperature of -18 \u00b0C or lower \/ The thawed product cannot be re-frozen \/ Although every effort has been made.<\/p>\n<\/div>","protected":false},"excerpt":{"rendered":"<p>Lekkie, delikatne nuggetsy na dwa k\u0119sy. \u015awietnie sprawdz\u0105 si\u0119 dla najm\u0142odszych. Upiecz je w piekarniku lub wrzu\u0107 do frytkownicy, a b\u0119d\u0105 jeszcze bardziej chrupi\u0105ce. Podaj z ulubionymi dodatkami i ju\u017c. Ingredients: chicken fillet meat (53%), breading (WHEAT flour, vegetable oil (rapeseed oil), water, WHEAT starch, corn flour, salt, raising agents (E450, E500), yeast, dextrose, WHEAT [&#8230;]","protected":false},"featured_media":3196,"comment_status":"open","ping_status":"closed","template":"","meta":[],"product_brand":[],"product_cat":[46,58],"product_tag":[],"class_list":{"0":"post-3172","1":"product","2":"type-product","3":"status-publish","4":"has-post-thumbnail","6":"product_cat-products","7":"product_cat-frozen-foods","9":"first","10":"instock","11":"shipping-taxable","12":"purchasable","13":"product-type-simple"},"_links":{"self":[{"href":"https:\/\/rtrplat.com\/pl\/wp-json\/wp\/v2\/product\/3172","targetHints":{"allow":["GET"]}}],"collection":[{"href":"https:\/\/rtrplat.com\/pl\/wp-json\/wp\/v2\/product"}],"about":[{"href":"https:\/\/rtrplat.com\/pl\/wp-json\/wp\/v2\/types\/product"}],"replies":[{"embeddable":true,"href":"https:\/\/rtrplat.com\/pl\/wp-json\/wp\/v2\/comments?post=3172"}],"wp:featuredmedia":[{"embeddable":true,"href":"https:\/\/rtrplat.com\/pl\/wp-json\/wp\/v2\/media\/3196"}],"wp:attachment":[{"href":"https:\/\/rtrplat.com\/pl\/wp-json\/wp\/v2\/media?parent=3172"}],"wp:term":[{"taxonomy":"product_brand","embeddable":true,"href":"https:\/\/rtrplat.com\/pl\/wp-json\/wp\/v2\/product_brand?post=3172"},{"taxonomy":"product_cat","embeddable":true,"href":"https:\/\/rtrplat.com\/pl\/wp-json\/wp\/v2\/product_cat?post=3172"},{"taxonomy":"product_tag","embeddable":true,"href":"https:\/\/rtrplat.com\/pl\/wp-json\/wp\/v2\/product_tag?post=3172"}],"curies":[{"name":"wp","href":"https:\/\/api.w.org\/{rel}","templated":true}]}}